{"id":23,"date":"2025-01-03T12:46:46","date_gmt":"2025-01-03T12:46:46","guid":{"rendered":"https:\/\/nkus6346quy3.wpkz.cc\/?page_id=23"},"modified":"2025-07-03T01:17:59","modified_gmt":"2025-07-03T01:17:59","slug":"contact-us","status":"publish","type":"page","link":"https:\/\/www.prechems.com\/es\/contact-us\/","title":{"rendered":"P\u00f3ngase en contacto con nosotros"},"content":{"rendered":"\n<div class=\"wp-block-greenshift-blocks-container gspb_container gspb_container-gsbp-7147196\" id=\"gspb_container-id-gsbp-7147196\">\n<h2 id=\"gspb_heading-id-gsbp-ab953b2\" class=\"gspb_heading gspb_heading-id-gsbp-ab953b2 \">Global Business<\/h2>\n\n\n\n<table class=\"gsbp-98d2190\">\n<tr>\n<th>Region<\/th>\n\n\n\n<th>Person in Charge<\/th>\n\n\n\n<th>Telephone<\/th>\n\n\n\n<th>Email<\/th>\n<\/tr>\n\n\n\n<tr>\n<td>Overseas<\/td>\n\n\n\n<td>Lynne Deng<\/td>\n\n\n\n<td>+86-18380436887<\/td>\n\n\n\n<td>lynnedeng@prechems.com<br>sales@prechems.com<\/td>\n<\/tr>\n\n\n\n<tr>\n<td>Aisa<\/td>\n\n\n\n<td>Lux Zhang<\/td>\n\n\n\n<td>+86-15604665721<\/td>\n\n\n\n<td>luxzhang@prechems.com<\/td>\n<\/tr>\n\n\n\n<tr>\n<td>America &amp; Oceania<\/td>\n\n\n\n<td>Aaron Tan<\/td>\n\n\n\n<td>+86-13266719168<\/td>\n\n\n\n<td>aarontan@prechems.com<\/td>\n<\/tr>\n\n\n\n<tr>\n<td>Europe<\/td>\n\n\n\n<td>Hao Luo<\/td>\n\n\n\n<td>+86-13823508670<\/td>\n\n\n\n<td>hao.luo@prechems.com<\/td>\n<\/tr>\n\n\n\n<tr>\n<td>Domestic<\/td>\n\n\n\n<td>Houfu Qin<\/td>\n\n\n\n<td>+86-18307556685<\/td>\n\n\n\n<td>qinhoufu@prechems.com<\/td>\n<\/tr>\n\n\n\n<tr>\n<td>Domestic<\/td>\n\n\n\n<td>Yu Feng<\/td>\n\n\n\n<td>+86-13823695486<\/td>\n\n\n\n<td>fengyu@prechems.com<\/td>\n<\/tr>\n\n\n\n<tr>\n<td>Domestic<\/td>\n\n\n\n<td>Haihang Liao<\/td>\n\n\n\n<td>+86-17825326310<\/td>\n\n\n\n<td>liaohaihang@prechems.com<\/td>\n<\/tr>\n<\/table>\n<\/div>\n\n\n\n<div class=\"wp-block-greenshift-blocks-row alignfull gspb_row gspb_row-id-gsbp-73c6771 gspb_row--gutter-custom-0\" id=\"gspb_row-id-gsbp-73c6771\"><div class=\"gspb_row__content\"> \n<div class=\"wp-block-greenshift-blocks-row-column gspb_row__col--6 gspb_row__col--md-12 gspb_col-id-gsbp-89c23b7\" id=\"gspb_col-id-gsbp-89c23b7\">\n<h2 id=\"gspb_heading-id-gsbp-d194bee\" class=\"gspb_heading gspb_heading-id-gsbp-d194bee \">Head Office:<\/h2>\n\n\n\n<div id=\"gspb_text-id-gsbp-6e97cba\" class=\"gspb_text gspb_text-id-gsbp-6e97cba \"><strong>Address:<\/strong> 15\/F, Building D1, Nanshan iPark, Nanshan District, Shenzhen, China<br><strong>Tel:<\/strong> +86-755-83622997<br><strong>Fax:<\/strong> +86-755-82499519<br><strong>Email:<\/strong> sales@prechems.com<br><strong>Web:<\/strong> www.prechems.com<\/div>\n<\/div>\n\n\n\n<div class=\"wp-block-greenshift-blocks-row-column gspb_row__col--6 gspb_row__col--md-12 gspb_col-id-gsbp-536664a\" id=\"gspb_col-id-gsbp-536664a\">\n<h2 id=\"gspb_heading-id-gsbp-515e1a4\" class=\"gspb_heading gspb_heading-id-gsbp-515e1a4 \">Zhuhai Factory:<\/h2>\n\n\n\n<div id=\"gspb_text-id-gsbp-aa0b7a7\" class=\"gspb_text gspb_text-id-gsbp-aa0b7a7 \"><strong>Address:<\/strong> No. 1 North 5 Rd., Petrochemistry Area, Gaolan Port Economic Zone,<br>Zhuhai, Guangdong Province, China<\/div>\n\n\n\n<h2 id=\"gspb_heading-id-gsbp-bb3e303\" class=\"gspb_heading gspb_heading-id-gsbp-bb3e303 \">Huaibei Factory (Under Construction):<\/h2>\n\n\n\n<div id=\"gspb_text-id-gsbp-18b5007\" class=\"gspb_text gspb_text-id-gsbp-18b5007 \"><strong>Address: <\/strong>No. 8 Huaixin South Road, New Coal Chemical Synthetic Materials Base, Huaibei, Anhui Province, China<\/div>\n<\/div>\n <\/div><\/div>\n\n\n\n<div class=\"wp-block-greenshift-blocks-container gspb_container gspb_container-gsbp-882ef3a\" id=\"gspb_container-id-gsbp-882ef3a\">\n<h2 id=\"gspb_heading-id-gsbp-23a3eea\" class=\"gspb_heading gspb_heading-id-gsbp-23a3eea \">Message<\/h2>\n\n\n<div class='fluentform ff-inherit-theme-style fluentform_wrapper_1  ff_guten_block ff_guten_block-1'><form data-form_id=\"1\" id=\"fluentform_1\" class=\"frm-fluent-form fluent_form_1 ff-el-form-top ff_form_instance_1_1 ff-form-loading ffs_inherit_theme\" data-form_instance=\"ff_form_instance_1_1\" method=\"POST\" ><fieldset  style=\"border: none!important;margin: 0!important;padding: 0!important;background-color: transparent!important;box-shadow: none!important;outline: none!important; min-inline-size: 100%;\">\n                    <legend class=\"ff_screen_reader_title\" style=\"display: block; margin: 0!important;padding: 0!important;height: 0!important;text-indent: -999999px;width: 0!important;overflow:hidden;\">\u8054\u7cfb\u9875\u9762\u7684\u8868\u5355<\/legend>        <div\n                style=\"display: none!important; position: absolute!important; transform: translateX(1000%)!important;\"\n                class=\"ff-el-group ff-hpsf-container\"\n        >\n            <div class=\"ff-el-input--label asterisk-right\">\n                <label for=\"ff_1_item_sf\" aria-label=\"Subscribe\">\n                    Subscribe                <\/label>\n            <\/div>\n            <div class=\"ff-el-input--content\">\n                <input type=\"text\"\n                       name=\"item_1__fluent_sf\"\n                       class=\"ff-el-form-control\"\n                       id=\"ff_1_item_sf\"\n                \/>\n            <\/div>\n        <\/div>\n        <input type='hidden' name='__fluent_form_embded_post_id' value='23' \/><input type=\"hidden\" id=\"_fluentform_1_fluentformnonce\" name=\"_fluentform_1_fluentformnonce\" value=\"9192ffcfb2\" \/><input type=\"hidden\" name=\"_wp_http_referer\" value=\"\/es\/wp-json\/wp\/v2\/pages\/23\" \/><div data-name=\"ff_cn_id_1\"  class='ff-t-container ff-column-container ff_columns_total_2 '><div class='ff-t-cell ff-t-column-1' style='flex-basis: 50%;'><div data-type=\"name-element\" data-name=\"names\" class=\" ff-field_container ff-name-field-wrapper\" ><div class='ff-t-container'><div class='ff-t-cell '><div class='ff-el-group  ff-el-form-left'><div class=\"ff-el-input--label ff-el-is-required asterisk-right\"><label for='ff_1_names_first_name_' id='label_ff_1_names_first_name_' >Full Name<\/label><\/div><div class='ff-el-input--content'><input type=\"text\" name=\"names[first_name]\" id=\"ff_1_names_first_name_\" class=\"ff-el-form-control\" aria-invalid=\"false\" aria-required=true><\/div><\/div><\/div><\/div><\/div><\/div><div class='ff-t-cell ff-t-column-2' style='flex-basis: 50%;'><div class='ff-el-group ff-el-form-left'><div class=\"ff-el-input--label asterisk-right\"><label for='ff_1_input_text' id='label_ff_1_input_text' aria-label=\"Company Name\">Company Name<\/label><\/div><div class='ff-el-input--content'><input type=\"text\" name=\"input_text\" class=\"ff-el-form-control\" data-name=\"input_text\" id=\"ff_1_input_text\"  aria-invalid=\"false\" aria-required=false><\/div><\/div><\/div><\/div><div data-name=\"ff_cn_id_2\"  class='ff-t-container ff-column-container ff_columns_total_2 '><div class='ff-t-cell ff-t-column-1' style='flex-basis: 50%;'><div class='ff-el-group ff-el-form-left'><div class=\"ff-el-input--label ff-el-is-required asterisk-right\"><label for='ff_1_input_text_1' id='label_ff_1_input_text_1' aria-label=\"Telephone\">Telephone<\/label><\/div><div class='ff-el-input--content'><input type=\"text\" name=\"input_text_1\" class=\"ff-el-form-control\" data-name=\"input_text_1\" id=\"ff_1_input_text_1\"  aria-invalid=\"false\" aria-required=true><\/div><\/div><\/div><div class='ff-t-cell ff-t-column-2' style='flex-basis: 50%;'><div class='ff-el-group ff-el-form-left'><div class=\"ff-el-input--label ff-el-is-required asterisk-right\"><label for='ff_1_email' id='label_ff_1_email' aria-label=\"Email Address\">Email Address<\/label><\/div><div class='ff-el-input--content'><input type=\"email\" name=\"email\" id=\"ff_1_email\" class=\"ff-el-form-control\" data-name=\"email\"  aria-invalid=\"false\" aria-required=true><\/div><\/div><\/div><\/div><div data-name=\"ff_cn_id_3\"  class='ff-t-container ff-column-container ff_columns_total_2 '><div class='ff-t-cell ff-t-column-1' style='flex-basis: 50%;'><div class='ff-el-group ff-el-form-left'><div class=\"ff-el-input--label ff-el-is-required asterisk-right\"><label for='ff_1_subject' id='label_ff_1_subject' aria-label=\"Subject\">Subject<\/label><\/div><div class='ff-el-input--content'><input type=\"text\" name=\"subject\" class=\"ff-el-form-control\" data-name=\"subject\" id=\"ff_1_subject\"  aria-invalid=\"false\" aria-required=true><\/div><\/div><\/div><div class='ff-t-cell ff-t-column-2' style='flex-basis: 50%;'><\/div><\/div><div class='ff-el-group ff-el-form-left'><div class=\"ff-el-input--label ff-el-is-required asterisk-right\"><label for='ff_1_message' id='label_ff_1_message' aria-label=\"Description\">Description<\/label><\/div><div class='ff-el-input--content'><textarea aria-required=\"true\" aria-labelledby=\"label_ff_1_message\" name=\"message\" id=\"ff_1_message\" class=\"ff-el-form-control\" rows=\"4\" cols=\"2\" data-name=\"message\" ><\/textarea><\/div><\/div><div class='ff-el-group    ff-el-input--content'><div class='ff-el-form-check ff-el-tc'><label aria-label='T\u00e9rminos y condiciones: I authorize PREC to contact me via email and\/or phone for marketing purposes and to store my personal information. See the Privacy Policy for more details. Contiene 1 enlace. Usa la navegaci\u00f3n por pesta\u00f1as para rese\u00f1ar.' class='ff-el-form-check-label ff_tc_label' for=terms-n-condition_8f4622f59255836008eb7d38f653a7a4><span class='ff_tc_checkbox'><input type=\"checkbox\" name=\"terms-n-condition\" class=\"ff-el-form-check-input\" data-name=\"terms-n-condition\" id=\"terms-n-condition_8f4622f59255836008eb7d38f653a7a4\"  value='on' aria-invalid='false' aria-required=true><\/span> <div class='ff_t_c'><p>I authorize PREC to contact me via email and\/or phone for marketing purposes and to store my personal information. See the <a href=\"https:\/\/www.prechems.com\/privacy-policy\/\" target=\"_blank\" rel=\"noopener\">Privacy Policy<\/a> for more details.<\/p><\/div><\/label><\/div><\/div><div class=\"f12t\"><input type=\"hidden\" class=\"f12_timer\" name=\"f12_multiple_submission_protection\" value=\"$2y$10$Ojl\/vDeD4cr3ljkVuw.veO4hfRJ7zqHFtXWXO\/dqZ8aJoaxARb1S6\"\/><\/div><input id=\"f12_captcha\" type=\"text\" style=\"visibility:hidden!important; opacity:1!important; height:0!important; width:0!important; margin:0!important; padding:0!important;\" name=\"f12_captcha\" value=\"\"\/><input type=\"hidden\" name=\"behavior_nonce\" value=\"\" \/><script>\r\n(function(){\r\n\tvar el = document.currentScript;\r\n\tif (!el) return;\r\n\tvar form = el.closest(\"form\");\r\n\tif (!form || form.dataset.ssInit === \"1\") return;\r\n\tform.dataset.ssInit = \"1\";\r\n\tform.dataset.ssMode = \"protect\";\r\n\tform.dataset.ssSource = \"rule\";\r\n})();\r\n<\/script><div class='ff-el-group ff-text-center ff_submit_btn_wrapper'><button type=\"submit\" class=\"ff-btn ff-btn-submit ff-btn-md ff_btn_no_style\"  aria-label=\"Submit\">Submit<\/button><\/div><\/fieldset><\/form><div id='fluentform_1_errors' class='ff-errors-in-stack ff_form_instance_1_1 ff-form-loading_errors ff_form_instance_1_1_errors'><\/div><\/div>            <script type=\"text\/javascript\">\n                window.fluent_form_ff_form_instance_1_1 = {\"id\":\"1\",\"settings\":{\"layout\":{\"labelPlacement\":\"top\",\"helpMessagePlacement\":\"with_label\",\"errorMessagePlacement\":\"inline\",\"cssClassName\":\"\",\"asteriskPlacement\":\"asterisk-right\"},\"restrictions\":{\"denyEmptySubmission\":{\"enabled\":false}}},\"form_instance\":\"ff_form_instance_1_1\",\"form_id_selector\":\"fluentform_1\",\"rules\":{\"names[first_name]\":{\"required\":{\"value\":true,\"message\":\"This field is required\",\"global\":false,\"global_message\":\"This field is required\"}},\"names[middle_name]\":{\"required\":{\"value\":false,\"message\":\"This field is required\",\"global\":false,\"global_message\":\"This field is required\"}},\"names[last_name]\":{\"required\":{\"value\":false,\"message\":\"This field is required\",\"global\":false,\"global_message\":\"This field is required\"}},\"input_text\":{\"required\":{\"value\":false,\"message\":\"This field is required\",\"global_message\":\"This field is required\",\"global\":true}},\"input_text_1\":{\"required\":{\"value\":true,\"message\":\"This field is required\",\"global_message\":\"This field is required\",\"global\":true}},\"email\":{\"required\":{\"value\":true,\"message\":\"This field is required\",\"global\":false,\"global_message\":\"This field is required\"},\"email\":{\"value\":true,\"message\":\"This field must contain a valid email\",\"global\":false,\"global_message\":\"This field must contain a valid email\"}},\"subject\":{\"required\":{\"value\":true,\"message\":\"This field is required\",\"global\":false,\"global_message\":\"This field is required\"}},\"message\":{\"required\":{\"value\":true,\"message\":\"This field is required\",\"global\":false,\"global_message\":\"This field is required\"}},\"terms-n-condition\":{\"required\":{\"value\":true,\"message\":\"This field is required\",\"global_message\":\"This field is required\",\"global\":true}}},\"debounce_time\":300};\n                            <\/script>\n            <\/div>\n","protected":false},"excerpt":{"rendered":"","protected":false},"author":1,"featured_media":200,"parent":0,"menu_order":0,"comment_status":"closed","ping_status":"closed","template":"","meta":{"_acf_changed":false,"_seopress_robots_primary_cat":"","_seopress_titles_title":"","_seopress_titles_desc":"","_seopress_robots_index":"","_gspb_post_css":".gspb_container-id-gsbp-7147196{flex-direction:column;box-sizing:border-box}#gspb_container-id-gsbp-7147196.gspb_container>p:last-of-type,#gspb_container-id-gsbp-882ef3a.gspb_container>p:last-of-type{margin-bottom:0}#gspb_container-id-gsbp-7147196.gspb_container{position:relative;padding-bottom:130px}@media (max-width:991.98px){#gspb_container-id-gsbp-7147196.gspb_container{padding-bottom:80px}}@media (max-width:575.98px){#gspb_container-id-gsbp-7147196.gspb_container{padding-bottom:60px}}#gspb_container-id-gsbp-7147196.gspb_container{border-bottom-style:solid;border-bottom-width:1px;border-bottom-color:var(--wp--preset--color--palette-color-5, var(--theme-palette-color-5, #dddddd))}#gspb_heading-id-gsbp-ab953b2,#gspb_heading-id-gsbp-ab953b2 .gsap-g-line{text-align:center!important}#gspb_heading-id-gsbp-ab953b2{margin-top:0;margin-bottom:50px}@media (max-width:575.98px){#gspb_heading-id-gsbp-ab953b2{margin-bottom:30px}.gsbp-98d2190 td{min-width:140px}.gsbp-98d2190{display:block;overflow-x:auto}}.gsbp-98d2190{border-collapse:collapse;table-layout:fixed;width:100%;padding-bottom:60px}.gsbp-98d2190 td{padding:10px 12px;border-style:solid;border-width:1px;border-color:#00000012;font-size:1rem;text-align:center}.gsbp-98d2190 th{background-color:#e6e6e6;padding-top:15px;padding-bottom:15px}.gsbp-98d2190 tr:nth-of-type(odd){background-color:var(--wp--preset--color--palette-color-7, var(--theme-palette-color-7, #f5f5f5))}#gspb_row-id-gsbp-73c6771{justify-content:space-between;margin-top:0;margin-bottom:0;display:flex;flex-wrap:wrap;padding-top:100px;padding-bottom:130px}#gspb_row-id-gsbp-73c6771>.gspb_row__content{display:flex;justify-content:space-between;margin:0 auto;width:100%;flex-wrap:wrap;row-gap:30px}.gspb_row{position:relative}div[id^=gspb_col-id]{box-sizing:border-box;position:relative;padding:var(--gs-row-column-padding, 15px min(3vw, 20px))}body.gspb-bodyfront #gspb_row-id-gsbp-73c6771>.gspb_row__content{width:var(--theme-container-width, 1200px);max-width:var(--theme-normal-container-max-width, 1200px)}@media (max-width:991.98px){#gspb_row-id-gsbp-73c6771{padding-top:80px;padding-bottom:80px}}@media (max-width:575.98px){#gspb_row-id-gsbp-73c6771{padding-top:60px;padding-bottom:60px}}#gspb_col-id-gsbp-89c23b7.gspb_row__col--6{width:calc(50% - 30px)}@media (max-width:991.98px){#gspb_col-id-gsbp-89c23b7.gspb_row__col--6{width:100%}}@media (max-width:767.98px){#gspb_col-id-gsbp-89c23b7.gspb_row__col--6{width:calc(100% - 0px)}}@media (max-width:575.98px){#gspb_col-id-gsbp-89c23b7.gspb_row__col--6{width:100%}}@media (min-width:992px){body.gspb-bodyfront #gspb_col-id-gsbp-89c23b7.gspb_row__col--6{width:calc(43.1% - 0px - 30px)}}.gspb_row #gspb_col-id-gsbp-536664a.gspb_row__col--6,.gspb_row #gspb_col-id-gsbp-89c23b7.gspb_row__col--6{padding:0}#gspb_heading-id-gsbp-515e1a4,#gspb_heading-id-gsbp-bb3e303,#gspb_heading-id-gsbp-d194bee{margin-top:0;margin-bottom:20px}.gspb_text-id-gsbp-6e97cba{line-height:2em;margin-top:0!important}#gspb_col-id-gsbp-536664a.gspb_row__col--6{width:calc(50% - 30px)}@media (max-width:991.98px){#gspb_col-id-gsbp-536664a.gspb_row__col--6{width:100%}}@media (max-width:767.98px){#gspb_col-id-gsbp-536664a.gspb_row__col--6{width:calc(100% - 0px)}}@media (max-width:575.98px){#gspb_col-id-gsbp-536664a.gspb_row__col--6{width:100%}}@media (min-width:992px){body.gspb-bodyfront #gspb_col-id-gsbp-536664a.gspb_row__col--6{width:calc(56.9% - 0px - 30px)}}.gspb_text-id-gsbp-aa0b7a7{margin-bottom:30px!important}.gspb_text-id-gsbp-18b5007,.gspb_text-id-gsbp-aa0b7a7{line-height:2em;margin-top:0!important}.gspb_container-id-gsbp-882ef3a{flex-direction:column;box-sizing:border-box}#gspb_container-id-gsbp-882ef3a.gspb_container{position:relative;padding-top:130px}@media (min-width:481px){.fluentform .ff-el-form-left .ff-el-input--label,.fluentform .ff-el-form-right .ff-el-input--label{padding:3px 15px 0 0}}@media (max-width:991.98px){#gspb_container-id-gsbp-882ef3a.gspb_container{padding-top:80px}}@media (max-width:575.98px){#gspb_container-id-gsbp-882ef3a.gspb_container{padding-top:60px}}#gspb_container-id-gsbp-882ef3a.gspb_container{border-top-style:solid;border-top-width:1px;border-top-color:var(--wp--preset--color--palette-color-5, var(--theme-palette-color-5, #dddddd))}#gspb_heading-id-gsbp-23a3eea,#gspb_heading-id-gsbp-23a3eea .gsap-g-line{text-align:center!important}#gspb_heading-id-gsbp-23a3eea{margin-top:0;margin-bottom:50px}","footnotes":""},"class_list":["post-23","page","type-page","status-publish","has-post-thumbnail"],"blocksy_meta":[],"acf":[],"_links":{"self":[{"href":"https:\/\/www.prechems.com\/es\/wp-json\/wp\/v2\/pages\/23","targetHints":{"allow":["GET"]}}],"collection":[{"href":"https:\/\/www.prechems.com\/es\/wp-json\/wp\/v2\/pages"}],"about":[{"href":"https:\/\/www.prechems.com\/es\/wp-json\/wp\/v2\/types\/page"}],"author":[{"embeddable":true,"href":"https:\/\/www.prechems.com\/es\/wp-json\/wp\/v2\/users\/1"}],"replies":[{"embeddable":true,"href":"https:\/\/www.prechems.com\/es\/wp-json\/wp\/v2\/comments?post=23"}],"version-history":[{"count":0,"href":"https:\/\/www.prechems.com\/es\/wp-json\/wp\/v2\/pages\/23\/revisions"}],"wp:featuredmedia":[{"embeddable":true,"href":"https:\/\/www.prechems.com\/es\/wp-json\/wp\/v2\/media\/200"}],"wp:attachment":[{"href":"https:\/\/www.prechems.com\/es\/wp-json\/wp\/v2\/media?parent=23"}],"curies":[{"name":"wp","href":"https:\/\/api.w.org\/{rel}","templated":true}]}}