{"id":12,"date":"2025-01-03T12:38:06","date_gmt":"2025-01-03T12:38:06","guid":{"rendered":"https:\/\/nkus6346quy3.wpkz.cc\/?page_id=12"},"modified":"2026-03-23T03:19:52","modified_gmt":"2026-03-23T03:19:52","slug":"sustainability","status":"publish","type":"page","link":"https:\/\/www.prechems.com\/es\/sustainability\/","title":{"rendered":"Sostenibilidad"},"content":{"rendered":"<div class=\"wp-block-greenshift-blocks-row gspb_row gspb_row-id-gsbp-51b4b50 gspb_row--gutter-custom-0\" id=\"gspb_row-id-gsbp-51b4b50\"><div class=\"gspb_row__content\"> \n<div class=\"wp-block-greenshift-blocks-row-column gspb_row__col--6 gspb_col-id-gsbp-ef265a8\" id=\"gspb_col-id-gsbp-ef265a8\">\n<div class=\"wp-block-greenshift-blocks-image gspb_image gspb_image-id-gsbp-5152b73\" id=\"gspb_image-id-gsbp-5152b73\"><img decoding=\"async\" src=\"https:\/\/www.prechems.com\/wp-content\/uploads\/2025\/02\/WU-1.jpg\" data-src=\"\" alt=\"\" loading=\"lazy\" width=\"313\" height=\"850\"\/><\/div>\n\n\n\n<h2 id=\"gspb_heading-id-gsbp-1f9732b\" class=\"gspb_heading gspb_heading-id-gsbp-1f9732b\">John Wu<\/h2>\n\n\n\n<p class=\"has-text-align-center\"><strong>Founder &amp; CEO of PREC<\/strong><\/p>\n\n\n\n<p class=\"has-text-align-center\">Doble licenciatura en Qu\u00edmica Fina y Administraci\u00f3n de Empresas por la Universidad Tecnol\u00f3gica de Dalian con m\u00e1s de 20 a\u00f1os de experiencia en la industria<\/p>\n<\/div>\n\n\n\n<div class=\"wp-block-greenshift-blocks-row-column gspb_row__col--6 gspb_col-id-gsbp-dea1e3c\" id=\"gspb_col-id-gsbp-dea1e3c\">\n<h2 id=\"gspb_heading-id-gsbp-6105108\" class=\"gspb_heading gspb_heading-id-gsbp-6105108\">Mensaje de nuestro Director General<\/h2>\n\n\n\n<div id=\"gspb_text-id-gsbp-64509fd\" class=\"gspb_text gspb_text-id-gsbp-64509fd\">Es un placer hablar con ustedes de algo vital para nuestro futuro: la sostenibilidad. Como empresa, reconocemos que el verdadero \u00e9xito no s\u00f3lo proviene del crecimiento, sino tambi\u00e9n de c\u00f3mo protegemos nuestro planeta. En el mundo actual, abordar el cambio clim\u00e1tico y la escasez de recursos es una responsabilidad que todos compartimos. La sostenibilidad es la clave para garantizar que nuestro negocio prospere al tiempo que ejercemos un impacto positivo en el medio ambiente.<br><br>A lo largo de los a\u00f1os, hemos avanzado mucho en la integraci\u00f3n de la sostenibilidad en nuestras operaciones. Hemos mejorado la eficiencia energ\u00e9tica, reducido las emisiones de carbono y adoptado materiales ecol\u00f3gicos. Estos esfuerzos no solo benefician al medio ambiente, sino que tambi\u00e9n crean valor a largo plazo para nuestros clientes.<br><br>De cara al futuro, mantenemos nuestro compromiso de seguir mejorando nuestros esfuerzos de sostenibilidad. Seguiremos aumentando el uso de energ\u00edas renovables, reduciendo los residuos y adoptando pr\u00e1cticas de econom\u00eda circular a trav\u00e9s de la innovaci\u00f3n. Pero no podemos hacerlo solos. La sostenibilidad es un esfuerzo colectivo y animamos a todo el mundo, ya forme parte de nuestro equipo, sea socio o cliente, a que contribuya a su manera. Juntos podemos marcar la diferencia.<br><br>Gracias por seguir apoy\u00e1ndonos en nuestra labor hacia un futuro m\u00e1s ecol\u00f3gico y sostenible.<\/div>\n<\/div>\n <\/div><\/div>\n\n\n\n<div class=\"wp-block-greenshift-blocks-row gspb_row gspb_row-id-gsbp-8d86b9a gspb_row--gutter-custom-0\" id=\"gspb_row-id-gsbp-8d86b9a\"><div class=\"gspb_row__content\"> \n<div class=\"wp-block-greenshift-blocks-row-column gspb_row__col--6 gspb_col-id-gsbp-3cbdcea\" id=\"gspb_col-id-gsbp-3cbdcea\">\n<h2 id=\"gspb_heading-id-gsbp-e097e88\" class=\"gspb_heading gspb_heading-id-gsbp-e097e88\">ECOVADIS<\/h2>\n\n\n\n<div id=\"gspb_text-id-gsbp-72d06f3\" class=\"gspb_text gspb_text-id-gsbp-72d06f3\">Nos enorgullece anunciar que PREC ha sido galardonada con la Medalla de Plata Ecovadis por sus resultados en materia de sostenibilidad. Este reconocimiento destaca nuestro compromiso con las pr\u00e1cticas empresariales responsables y el desarrollo sostenible.<\/div>\n\n\n\n<div class=\"gspb_button_wrapper gspb_button-id-gsbp-0370919\" id=\"gspb_button-id-gsbp-0370919\"><a class=\"wp-block-greenshift-blocks-buttonbox gspb-buttonbox wp-element-button\" href=\"#ct-popup-103\" target=\"_blank\" rel=\"noopener\"><span class=\"gspb-buttonbox-textwrap\"><span class=\"gspb-buttonbox-text\"><span class=\"gspb-buttonbox-title\">Informe Ecovadis<\/span><\/span><\/span><\/a><\/div>\n<\/div>\n\n\n\n<div class=\"wp-block-greenshift-blocks-row-column gspb_row__col--6 gspb_col-id-gsbp-b9dfd72\" id=\"gspb_col-id-gsbp-b9dfd72\">\n<div class=\"wp-block-greenshift-blocks-image gspb_image gspb_image-id-gsbp-5b946dd\" id=\"gspb_image-id-gsbp-5b946dd\"><img decoding=\"async\" src=\"https:\/\/www.prechems.com\/wp-content\/uploads\/2026\/03\/ecovadis.jpg\" data-src=\"\" alt=\"ecovadis\" loading=\"lazy\" width=\"313\" height=\"614\"\/><\/div>\n<\/div>\n <\/div><\/div>\n\n\n\n<div class=\"wp-block-greenshift-blocks-row gspb_row gspb_row-id-gsbp-8d86b9a gspb_row--gutter-custom-0\" id=\"gspb_row-id-gsbp-8d86b9a\"><div class=\"gspb_row__content\"> \n<div class=\"wp-block-greenshift-blocks-row-column gspb_row__col--6 gspb_col-id-gsbp-502547b\" id=\"gspb_col-id-gsbp-502547b\">\n<div class=\"wp-block-greenshift-blocks-image gspb_image gspb_image-id-gsbp-76449df\" id=\"gspb_image-id-gsbp-76449df\"><img decoding=\"async\" src=\"https:\/\/www.prechems.com\/wp-content\/uploads\/2025\/01\/Product-Carbon-Footprint.jpg.webp\" data-src=\"\" alt=\"\" loading=\"lazy\" width=\"313\" height=\"632\"\/><\/div>\n<\/div>\n\n\n\n<div class=\"wp-block-greenshift-blocks-row-column gspb_row__col--6 gspb_col-id-gsbp-4153706\" id=\"gspb_col-id-gsbp-4153706\">\n<h2 id=\"gspb_heading-id-gsbp-1a1ef5a\" class=\"gspb_heading gspb_heading-id-gsbp-1a1ef5a\">Huella de carbono de los productos<\/h2>\n\n\n\n<div id=\"gspb_text-id-gsbp-0d59aae\" class=\"gspb_text gspb_text-id-gsbp-0d59aae\">Nuestros productos han recibido la Certificaci\u00f3n de la Huella de Carbono. Esta certificaci\u00f3n demuestra nuestro compromiso con la sostenibilidad y nuestros esfuerzos por reducir las emisiones de carbono, fomentar la eficiencia de los recursos y apoyar un futuro m\u00e1s ecol\u00f3gico.<\/div>\n\n\n\n<div class=\"gspb_button_wrapper gspb_button-id-gsbp-6aba491\" id=\"gspb_button-id-gsbp-6aba491\"><a class=\"wp-block-greenshift-blocks-buttonbox gspb-buttonbox wp-element-button\" href=\"#ct-popup-103\" target=\"_blank\" rel=\"noopener\"><span class=\"gspb-buttonbox-textwrap\"><span class=\"gspb-buttonbox-text\"><span class=\"gspb-buttonbox-title\">Informe PCF<\/span><\/span><\/span><\/a><\/div>\n<\/div>\n <\/div><\/div>\n\n\n\n<div class=\"wp-block-greenshift-blocks-row gspb_row gspb_row-id-gsbp-370e8ea gspb_row--gutter-custom-0\" id=\"gspb_row-id-gsbp-370e8ea\"><div class=\"gspb_row__content\"> \n<div class=\"wp-block-greenshift-blocks-row-column gspb_row__col--6 gspb_col-id-gsbp-3cbdcea\" id=\"gspb_col-id-gsbp-3cbdcea\">\n<h2 id=\"gspb_heading-id-gsbp-e097e88\" class=\"gspb_heading gspb_heading-id-gsbp-e097e88\">Global REACH Compliance<\/h2>\n\n\n\n<div id=\"gspb_text-id-gsbp-72d06f3\" class=\"gspb_text gspb_text-id-gsbp-72d06f3\">PREC has successfully obtained full compliance certifications for REACH, UK REACH, K-REACH, and Turkey KKDIK. This not only demonstrates that our products meet the most stringent chemical safety and environmental standards in major global markets, but also highlights our core commitment to Green Chemistry and responsible manufacturing.<\/div>\n\n\n\n<div class=\"gspb_button_wrapper gspb_button-id-gsbp-0370919\" id=\"gspb_button-id-gsbp-0370919\"><a class=\"wp-block-greenshift-blocks-buttonbox gspb-buttonbox wp-element-button\" href=\"#ct-popup-103\" target=\"_blank\" rel=\"noopener\"><span class=\"gspb-buttonbox-textwrap\"><span class=\"gspb-buttonbox-text\"><span class=\"gspb-buttonbox-title\">REACH Certificates<\/span><\/span><\/span><\/a><\/div>\n<\/div>\n\n\n\n<div class=\"wp-block-greenshift-blocks-row-column gspb_row__col--6 gspb_col-id-gsbp-b9dfd72\" id=\"gspb_col-id-gsbp-b9dfd72\">\n<div class=\"wp-block-greenshift-blocks-image gspb_image gspb_image-id-gsbp-5b946dd\" id=\"gspb_image-id-gsbp-5b946dd\"><img decoding=\"async\" src=\"https:\/\/www.prechems.com\/wp-content\/uploads\/2026\/03\/Reach.jpg\" data-src=\"\" alt=\"reach\" loading=\"lazy\" width=\"313\" height=\"614\"\/><\/div>\n<\/div>\n <\/div><\/div>\n\n\n\n<div class=\"wp-block-greenshift-blocks-row gspb_row gspb_row-id-gsbp-9ede95a gspb_row--gutter-custom-0\" id=\"gspb_row-id-gsbp-9ede95a\"><div class=\"gspb_row__content\"> \n<div class=\"wp-block-greenshift-blocks-row-column gspb_row__col--6 gspb_col-id-gsbp-502547b\" id=\"gspb_col-id-gsbp-502547b\">\n<div class=\"wp-block-greenshift-blocks-image gspb_image gspb_image-id-gsbp-76449df\" id=\"gspb_image-id-gsbp-76449df\"><img decoding=\"async\" src=\"https:\/\/www.prechems.com\/wp-content\/uploads\/2026\/03\/ISO.jpg\" data-src=\"\" alt=\"iso\" loading=\"lazy\" width=\"313\" height=\"614\"\/><\/div>\n<\/div>\n\n\n\n<div class=\"wp-block-greenshift-blocks-row-column gspb_row__col--6 gspb_col-id-gsbp-4153706\" id=\"gspb_col-id-gsbp-4153706\">\n<h2 id=\"gspb_heading-id-gsbp-1a1ef5a\" class=\"gspb_heading gspb_heading-id-gsbp-1a1ef5a\">Triple ISO Certification<\/h2>\n\n\n\n<div id=\"gspb_text-id-gsbp-0d59aae\" class=\"gspb_text gspb_text-id-gsbp-0d59aae\">Certified to ISO 9001, ISO 14001, and ISO 45001 international management system standards, this achievement signifies that we have systematically integrated quality, environmental stewardship, and employee well-being into the core of our operations.<\/div>\n\n\n\n<div class=\"gspb_button_wrapper gspb_button-id-gsbp-6aba491\" id=\"gspb_button-id-gsbp-6aba491\"><a class=\"wp-block-greenshift-blocks-buttonbox gspb-buttonbox wp-element-button\" href=\"#ct-popup-103\" target=\"_blank\" rel=\"noopener\"><span class=\"gspb-buttonbox-textwrap\"><span class=\"gspb-buttonbox-text\"><span class=\"gspb-buttonbox-title\">ISO Certificates<\/span><\/span><\/span><\/a><\/div>\n<\/div>\n <\/div><\/div>\n\n\n\n<p><\/p>","protected":false},"excerpt":{"rendered":"","protected":false},"author":1,"featured_media":488,"parent":0,"menu_order":0,"comment_status":"closed","ping_status":"closed","template":"","meta":{"_acf_changed":false,"_seopress_robots_primary_cat":"","_seopress_titles_title":"","_seopress_titles_desc":"","_seopress_robots_index":"","_gspb_post_css":"#gspb_row-id-gsbp-51b4b50{justify-content:space-between;margin-top:0;margin-bottom:0;display:flex;flex-wrap:wrap}#gspb_row-id-gsbp-51b4b50>.gspb_row__content{display:flex;justify-content:space-between;margin:0 auto;width:100%;flex-wrap:wrap;row-gap:40px}div[id^=gspb_col-id]{box-sizing:border-box;position:relative;padding:var(--gs-row-column-padding, 15px min(3vw, 20px))}@media (max-width:991.98px){#gspb_row-id-gsbp-51b4b50>.gspb_row__content{row-gap:30px}}body.gspb-bodyfront #gspb_row-id-gsbp-51b4b50>.gspb_row__content{width:var(--theme-container-width, 1200px);max-width:var(--theme-normal-container-max-width, 1200px)}#gspb_col-id-gsbp-ef265a8.gspb_row__col--6{width:calc(50% - 25px)}@media (max-width:991.98px){#gspb_col-id-gsbp-ef265a8.gspb_row__col--6{width:calc(50% - 15px)}}@media (max-width:767.98px){#gspb_col-id-gsbp-ef265a8.gspb_row__col--6{width:calc(50% - 15px)}}@media (max-width:575.98px){#gspb_col-id-gsbp-ef265a8.gspb_row__col--6{width:100%}}@media (min-width:992px){body.gspb-bodyfront #gspb_col-id-gsbp-ef265a8.gspb_row__col--6{width:calc(36.5% - 0px - 25px)}}.gspb_row #gspb_col-id-gsbp-3cbdcea.gspb_row__col--6,.gspb_row #gspb_col-id-gsbp-4153706.gspb_row__col--6,.gspb_row #gspb_col-id-gsbp-502547b.gspb_row__col--6,.gspb_row #gspb_col-id-gsbp-b9dfd72.gspb_row__col--6,.gspb_row #gspb_col-id-gsbp-dea1e3c.gspb_row__col--6,.gspb_row #gspb_col-id-gsbp-ef265a8.gspb_row__col--6{padding:0}#gspb_col-id-gsbp-ef265a8.gspb_row__col--6{border-right-style:solid;border-right-width:1px;border-right-color:var(--wp--preset--color--palette-color-5, var(--theme-palette-color-5, #dddddd))}@media (max-width:575.98px){#gspb_col-id-gsbp-ef265a8.gspb_row__col--6{border-right-color:#fff}}#gspb_image-id-gsbp-5152b73{text-align:center;margin-top:5px;padding-top:5px;height:auto}#gspb_image-id-gsbp-5152b73 img{vertical-align:top;display:inline-block;box-sizing:border-box;max-width:100%;width:313px;height:auto}@media (max-width:991.98px){#gspb_image-id-gsbp-5152b73,#gspb_image-id-gsbp-5152b73 img{height:auto}}@media (max-width:767.98px){#gspb_image-id-gsbp-5152b73,#gspb_image-id-gsbp-5152b73 img{height:auto}}@media (max-width:575.98px){#gspb_image-id-gsbp-5152b73,#gspb_image-id-gsbp-5152b73 img{height:auto}}#gspb_heading-id-gsbp-1f9732b,#gspb_heading-id-gsbp-1f9732b .gsap-g-line{text-align:center!important}#gspb_heading-id-gsbp-1f9732b{margin-top:0;padding-top:20px}#gspb_col-id-gsbp-dea1e3c.gspb_row__col--6{width:calc(50% - 25px)}@media (max-width:991.98px){#gspb_col-id-gsbp-dea1e3c.gspb_row__col--6{width:calc(50% - 15px)}}@media (max-width:767.98px){#gspb_col-id-gsbp-dea1e3c.gspb_row__col--6{width:calc(50% - 15px)}}@media (max-width:575.98px){#gspb_col-id-gsbp-dea1e3c.gspb_row__col--6{width:100%}}@media (min-width:992px){body.gspb-bodyfront #gspb_col-id-gsbp-dea1e3c.gspb_row__col--6{width:calc(63.5% - 0px - 25px)}}#gspb_heading-id-gsbp-6105108{margin-top:0;margin-bottom:40px}.gspb_text-id-gsbp-64509fd{margin-bottom:10px!important}#gspb_row-id-gsbp-370e8ea{justify-content:space-between;margin-bottom:0;display:flex;flex-wrap:wrap;margin-top:130px;padding-top:130px;padding-bottom:30px}#gspb_row-id-gsbp-370e8ea>.gspb_row__content{display:flex;justify-content:space-between;margin:0 auto;width:100%;flex-wrap:wrap;row-gap:40px}@media (max-width:991.98px){#gspb_row-id-gsbp-370e8ea>.gspb_row__content{row-gap:30px}}body.gspb-bodyfront #gspb_row-id-gsbp-370e8ea>.gspb_row__content{width:var(--theme-container-width, 1200px);max-width:var(--theme-normal-container-max-width, 1200px)}@media (max-width:991.98px){#gspb_row-id-gsbp-370e8ea{margin-top:80px;padding-top:80px}}@media (max-width:575.98px){#gspb_row-id-gsbp-370e8ea{margin-top:60px;padding-top:60px;padding-bottom:10px}}#gspb_row-id-gsbp-370e8ea{border-top-style:solid;border-top-width:1px;border-top-color:var(--wp--preset--color--palette-color-5, var(--theme-palette-color-5, #dddddd))}#gspb_col-id-gsbp-3cbdcea.gspb_row__col--6{width:calc(50% - 25px)}@media (max-width:991.98px){#gspb_col-id-gsbp-3cbdcea.gspb_row__col--6{width:calc(50% - 15px)}}@media (max-width:767.98px){#gspb_col-id-gsbp-3cbdcea.gspb_row__col--6{width:calc(50% - 15px)}}@media (max-width:575.98px){#gspb_col-id-gsbp-3cbdcea.gspb_row__col--6{width:100%}}@media (min-width:992px){body.gspb-bodyfront #gspb_col-id-gsbp-3cbdcea.gspb_row__col--6{width:calc(63.5% - 0px - 25px)}}#gspb_heading-id-gsbp-e097e88{margin-top:0;margin-bottom:40px}.gspb_text-id-gsbp-0d59aae,.gspb_text-id-gsbp-72d06f3{margin-bottom:40px!important}#gspb_button-id-gsbp-0370919{display:flex;justify-content:flex-start}#gspb_button-id-gsbp-0370919 .gspb-buttonbox-text{display:flex;flex-direction:column}#gspb_button-id-gsbp-0370919>.gspb-buttonbox{box-sizing:border-box}#gspb_col-id-gsbp-b9dfd72.gspb_row__col--6{width:calc(50% - 25px)}@media (max-width:991.98px){#gspb_col-id-gsbp-b9dfd72.gspb_row__col--6{width:calc(50% - 15px)}}@media (max-width:767.98px){#gspb_col-id-gsbp-b9dfd72.gspb_row__col--6{width:calc(50% - 15px)}}@media (max-width:575.98px){#gspb_col-id-gsbp-b9dfd72.gspb_row__col--6{width:100%}}@media (min-width:992px){body.gspb-bodyfront #gspb_col-id-gsbp-b9dfd72.gspb_row__col--6{width:calc(36.5% - 0px - 25px)}}@media (max-width:575.98px){#gspb_col-id-gsbp-b9dfd72.gspb_row__col--6{order:-1}}#gspb_col-id-gsbp-b9dfd72.gspb_row__col--6{border-left-style:solid;border-left-width:1px;border-left-color:var(--wp--preset--color--palette-color-5, var(--theme-palette-color-5, #dddddd))}@media (max-width:991.98px){#gspb_col-id-gsbp-b9dfd72.gspb_row__col--6{border-left-style:null;border-left-width:nullpx}}@media (max-width:767.98px){#gspb_col-id-gsbp-b9dfd72.gspb_row__col--6{border-left-style:null;border-left-width:nullpx}}@media (max-width:575.98px){#gspb_col-id-gsbp-b9dfd72.gspb_row__col--6{border-left-style:solid;border-left-width:nullpx;border-left-color:#fff}}#gspb_image-id-gsbp-5b946dd{text-align:center;height:auto}#gspb_image-id-gsbp-5b946dd img{vertical-align:top;display:inline-block;box-sizing:border-box;max-width:100%;width:313px;height:auto}@media (max-width:991.98px){#gspb_image-id-gsbp-5b946dd,#gspb_image-id-gsbp-5b946dd img{height:auto}}@media (max-width:767.98px){#gspb_image-id-gsbp-5b946dd,#gspb_image-id-gsbp-5b946dd img{height:auto}}@media (max-width:575.98px){#gspb_image-id-gsbp-5b946dd,#gspb_image-id-gsbp-5b946dd img{height:auto}}#gspb_row-id-gsbp-9ede95a{justify-content:space-between;display:flex;flex-wrap:wrap;margin-top:130px;margin-bottom:0;padding-top:130px}#gspb_row-id-gsbp-9ede95a>.gspb_row__content{display:flex;justify-content:space-between;margin:0 auto;width:100%;flex-wrap:wrap;row-gap:40px}@media (max-width:991.98px){#gspb_row-id-gsbp-9ede95a>.gspb_row__content{row-gap:30px}}body.gspb-bodyfront #gspb_row-id-gsbp-9ede95a>.gspb_row__content{width:var(--theme-container-width, 1200px);max-width:var(--theme-normal-container-max-width, 1200px)}@media (max-width:991.98px){#gspb_row-id-gsbp-9ede95a{margin-top:80px;padding-top:80px}}@media (max-width:575.98px){#gspb_row-id-gsbp-9ede95a{margin-top:60px;padding-top:60px}}#gspb_row-id-gsbp-9ede95a{border-top-style:solid;border-top-width:1px;border-top-color:var(--wp--preset--color--palette-color-5, var(--theme-palette-color-5, #dddddd))}#gspb_col-id-gsbp-502547b.gspb_row__col--6{width:calc(50% - 25px)}@media (max-width:991.98px){#gspb_col-id-gsbp-502547b.gspb_row__col--6{width:calc(50% - 15px)}}@media (max-width:767.98px){#gspb_col-id-gsbp-502547b.gspb_row__col--6{width:calc(50% - 15px)}}@media (max-width:575.98px){#gspb_col-id-gsbp-502547b.gspb_row__col--6{width:100%}}@media (min-width:992px){body.gspb-bodyfront #gspb_col-id-gsbp-502547b.gspb_row__col--6{width:calc(36.5% - 0px - 25px)}}#gspb_col-id-gsbp-502547b.gspb_row__col--6{border-right-style:solid;border-right-width:1px;border-right-color:var(--wp--preset--color--palette-color-5, var(--theme-palette-color-5, #dddddd))}@media (max-width:575.98px){#gspb_col-id-gsbp-502547b.gspb_row__col--6{border-right-color:#fff}}#gspb_image-id-gsbp-76449df{text-align:center;height:auto}#gspb_image-id-gsbp-76449df img{vertical-align:top;display:inline-block;box-sizing:border-box;max-width:100%;width:313px;height:auto}@media (max-width:991.98px){#gspb_image-id-gsbp-76449df,#gspb_image-id-gsbp-76449df img{height:auto}}@media (max-width:767.98px){#gspb_image-id-gsbp-76449df,#gspb_image-id-gsbp-76449df img{height:auto}}@media (max-width:575.98px){#gspb_image-id-gsbp-76449df,#gspb_image-id-gsbp-76449df img{height:auto}}#gspb_col-id-gsbp-4153706.gspb_row__col--6{width:calc(50% - 25px)}@media (max-width:991.98px){#gspb_col-id-gsbp-4153706.gspb_row__col--6{width:calc(50% - 15px)}}@media (max-width:767.98px){#gspb_col-id-gsbp-4153706.gspb_row__col--6{width:calc(50% - 15px)}}@media (max-width:575.98px){#gspb_col-id-gsbp-4153706.gspb_row__col--6{width:100%}}@media (min-width:992px){body.gspb-bodyfront #gspb_col-id-gsbp-4153706.gspb_row__col--6{width:calc(63.5% - 0px - 25px)}}#gspb_heading-id-gsbp-1a1ef5a{margin-top:0;margin-bottom:40px}.gspb_text-id-gsbp-0d59aae{margin-top:0!important}#gspb_button-id-gsbp-6aba491{display:flex;justify-content:flex-start}#gspb_button-id-gsbp-6aba491 .gspb-buttonbox-text{display:flex;flex-direction:column}#gspb_button-id-gsbp-6aba491>.gspb-buttonbox{box-sizing:border-box}#gspb_row-id-gsbp-8d86b9a{justify-content:space-between;display:flex;flex-wrap:wrap;margin-top:130px;margin-bottom:0;padding-top:130px}#gspb_row-id-gsbp-8d86b9a>.gspb_row__content{display:flex;justify-content:space-between;margin:0 auto;width:100%;flex-wrap:wrap;row-gap:40px}.gspb_row{position:relative}@media (max-width:991.98px){#gspb_row-id-gsbp-8d86b9a>.gspb_row__content{row-gap:30px}}body.gspb-bodyfront #gspb_row-id-gsbp-8d86b9a>.gspb_row__content{width:var(--theme-container-width, 1200px);max-width:var(--theme-normal-container-max-width, 1200px)}@media (max-width:991.98px){#gspb_row-id-gsbp-8d86b9a{margin-top:80px;padding-top:80px}}@media (max-width:575.98px){#gspb_row-id-gsbp-8d86b9a{margin-top:60px;padding-top:60px}}#gspb_row-id-gsbp-8d86b9a{border-top-style:solid;border-top-width:1px;border-top-color:var(--wp--preset--color--palette-color-5, var(--theme-palette-color-5, #dddddd))}","footnotes":""},"class_list":["post-12","page","type-page","status-publish","has-post-thumbnail"],"blocksy_meta":[],"acf":[],"_links":{"self":[{"href":"https:\/\/www.prechems.com\/es\/wp-json\/wp\/v2\/pages\/12","targetHints":{"allow":["GET"]}}],"collection":[{"href":"https:\/\/www.prechems.com\/es\/wp-json\/wp\/v2\/pages"}],"about":[{"href":"https:\/\/www.prechems.com\/es\/wp-json\/wp\/v2\/types\/page"}],"author":[{"embeddable":true,"href":"https:\/\/www.prechems.com\/es\/wp-json\/wp\/v2\/users\/1"}],"replies":[{"embeddable":true,"href":"https:\/\/www.prechems.com\/es\/wp-json\/wp\/v2\/comments?post=12"}],"version-history":[{"count":1,"href":"https:\/\/www.prechems.com\/es\/wp-json\/wp\/v2\/pages\/12\/revisions"}],"predecessor-version":[{"id":2395,"href":"https:\/\/www.prechems.com\/es\/wp-json\/wp\/v2\/pages\/12\/revisions\/2395"}],"wp:featuredmedia":[{"embeddable":true,"href":"https:\/\/www.prechems.com\/es\/wp-json\/wp\/v2\/media\/488"}],"wp:attachment":[{"href":"https:\/\/www.prechems.com\/es\/wp-json\/wp\/v2\/media?parent=12"}],"curies":[{"name":"wp","href":"https:\/\/api.w.org\/{rel}","templated":true}]}}